{"id":1496,"date":"2022-02-24T20:50:55","date_gmt":"2022-02-24T20:50:55","guid":{"rendered":"https:\/\/elligocrc.com\/ponte-en-contacto-con\/"},"modified":"2025-02-27T19:54:06","modified_gmt":"2025-02-27T19:54:06","slug":"ponte-en-contacto-con","status":"publish","type":"page","link":"https:\/\/elligocrc.com\/es\/ponte-en-contacto-con\/","title":{"rendered":"Ponte en contacto con"},"content":{"rendered":"<p>[et_pb_section fb_built=\u00bb1&#8243; admin_label=\u00bbContact\u00bb _builder_version=\u00bb4.21.0&#8243; _module_preset=\u00bbdefault\u00bb background_color=\u00bb#EE303C\u00bb background_enable_image=\u00bboff\u00bb background_blend=\u00bbsoft-light\u00bb z_index=\u00bb99&#8243; custom_padding=\u00bb40px||40px||true|false\u00bb bottom_divider_height=\u00bb75px\u00bb bottom_divider_flip=\u00bbhorizontal\u00bb locked=\u00bboff\u00bb global_colors_info=\u00bb{}\u00bb][et_pb_row use_custom_gutter=\u00bbon\u00bb gutter_width=\u00bb4&#8243; make_equal=\u00bbon\u00bb _builder_version=\u00bb4.19.3&#8243; _module_preset=\u00bbdefault\u00bb custom_padding=\u00bb40px||30px||false|false\u00bb custom_css_main_element=\u00bbalign-items:center;\u00bb global_colors_info=\u00bb{}\u00bb][et_pb_column type=\u00bb4_4&#8243; _builder_version=\u00bb4.16&#8243; _module_preset=\u00bbdefault\u00bb global_colors_info=\u00bb{}\u00bb][et_pb_text _builder_version=\u00bb4.19.3&#8243; _module_preset=\u00bbdefault\u00bb header_font=\u00bb|700||on|||||\u00bb header_text_color=\u00bb#FFFFFF\u00bb header_font_size=\u00bb40px\u00bb header_line_height=\u00bb1.25em\u00bb header_2_font=\u00bb|700||on|||||\u00bb header_2_text_color=\u00bb#FFFFFF\u00bb header_2_font_size=\u00bb40px\u00bb header_2_line_height=\u00bb1.25em\u00bb text_orientation=\u00bbcenter\u00bb background_layout=\u00bbdark\u00bb custom_margin=\u00bb||0px||false|false\u00bb custom_padding=\u00bb||0px||false|false\u00bb header_font_size_tablet=\u00bb36px\u00bb header_font_size_phone=\u00bb32px\u00bb header_font_size_last_edited=\u00bbon|phone\u00bb header_2_font_size_tablet=\u00bb36px\u00bb header_2_font_size_phone=\u00bb32px\u00bb header_2_font_size_last_edited=\u00bbon|phone\u00bb global_colors_info=\u00bb{}\u00bb]<\/p>\n<h1>Cont\u00e1ctanos<\/h1>\n<p>[\/et_pb_text][\/et_pb_column][\/et_pb_row][\/et_pb_section][et_pb_section fb_built=\u00bb1&#8243; admin_label=\u00bbPatients Info\u00bb _builder_version=\u00bb4.21.0&#8243; _module_preset=\u00bbdefault\u00bb background_color=\u00bb#eff3f6&#8243; custom_margin=\u00bb||0px||false|false\u00bb custom_padding=\u00bb0px||0px||true|false\u00bb top_divider_color=\u00bb#EE303C\u00bb top_divider_height=\u00bb40px\u00bb top_divider_flip=\u00bbvertical\u00bb top_divider_arrangement=\u00bbabove_content\u00bb top_divider_height_tablet=\u00bb20px\u00bb top_divider_height_phone=\u00bb20px\u00bb top_divider_height_last_edited=\u00bbon|phone\u00bb border_color_bottom=\u00bbrgba(142,153,173,0.26)\u00bb locked=\u00bboff\u00bb global_colors_info=\u00bb{}\u00bb][et_pb_row column_structure=\u00bb1_2,1_2&#8243; use_custom_gutter=\u00bbon\u00bb gutter_width=\u00bb1&#8243; make_equal=\u00bbon\u00bb _builder_version=\u00bb4.27.0&#8243; _module_preset=\u00bbdefault\u00bb width=\u00bb100%\u00bb max_width=\u00bb100%\u00bb custom_padding=\u00bb0px||0px||true|false\u00bb hover_enabled=\u00bb0&#8243; global_colors_info=\u00bb{}\u00bb sticky_enabled=\u00bb0&#8243; locked=\u00bboff\u00bb][et_pb_column type=\u00bb1_2&#8243; module_class=\u00bbfirst-on-mobile\u00bb _builder_version=\u00bb4.16&#8243; _module_preset=\u00bbdefault\u00bb custom_padding=\u00bb5vw|5vw|5vw|5vw|true|true\u00bb custom_padding_tablet=\u00bb6vw|10vw|6vw|10vw|true|true\u00bb custom_padding_phone=\u00bb10vw|10vw|10vw|10vw|true|true\u00bb custom_padding_last_edited=\u00bbon|phone\u00bb global_colors_info=\u00bb{}\u00bb][et_pb_text _builder_version=\u00bb4.19.3&#8243; _module_preset=\u00bbdefault\u00bb header_2_font=\u00bb|700|||||||\u00bb header_2_text_color=\u00bb#ee303c\u00bb header_2_font_size=\u00bb32px\u00bb header_2_line_height=\u00bb1.25em\u00bb custom_margin=\u00bb||0px||false|false\u00bb header_2_font_size_tablet=\u00bb30px\u00bb header_2_font_size_phone=\u00bb28px\u00bb header_2_font_size_last_edited=\u00bbon|phone\u00bb global_colors_info=\u00bb{}\u00bb]<\/p>\n<h2>\u00danete a nuestro registro de pacientes o ponte en contacto con nosotros si tienes alguna pregunta.<\/h2>\n<p>[\/et_pb_text][et_pb_divider color=\u00bb#00B1DD\u00bb divider_position=\u00bbcenter\u00bb divider_weight=\u00bb2px\u00bb _builder_version=\u00bb4.16&#8243; _module_preset=\u00bbdefault\u00bb custom_margin=\u00bb||15px||false|false\u00bb animation_style=\u00bbslide\u00bb animation_direction=\u00bbleft\u00bb global_colors_info=\u00bb{}\u00bb][\/et_pb_divider][et_pb_text _builder_version=\u00bb4.19.3&#8243; _module_preset=\u00bbdefault\u00bb header_2_font=\u00bb|700|||||||\u00bb header_2_text_color=\u00bb#ee303c\u00bb header_2_font_size=\u00bb32px\u00bb header_3_font=\u00bb|700||on|||||\u00bb header_3_font_size=\u00bb18px\u00bb header_3_letter_spacing=\u00bb1px\u00bb custom_margin=\u00bb||0px||false|false\u00bb header_2_font_size_tablet=\u00bb30px\u00bb header_2_font_size_phone=\u00bb28px\u00bb header_2_font_size_last_edited=\u00bbon|phone\u00bb global_colors_info=\u00bb{}\u00bb]\u00bfTe interesa participar en una investigaci\u00f3n cl\u00ednica y vives en la zona de Austin? Al unirte al Registro de Pacientes del Centro de Investigaci\u00f3n Cl\u00ednica Elligo, se te tendr\u00e1 en cuenta para posibles oportunidades de estudio. S\u00f3lo nos ponemos en contacto con los pacientes que cumplen los requisitos de un estudio concreto. Sin embargo, al registrarte nos permite encontrar estudios en los que pueda calificar.[\/et_pb_text][et_pb_button button_url=\u00bb@ET-DC@eyJkeW5hbWljIjp0cnVlLCJjb250ZW50IjoicG9zdF9saW5rX3VybF9wYWdlIiwic2V0dGluZ3MiOnsicG9zdF9pZCI6IjExNjgiLCJlbmFibGVfaHRtbCI6Im9mZiJ9fQ==@\u00bb button_text=\u00bb\u00danete al Registro de Pacientes\u00bb button_alignment=\u00bbcenter\u00bb _builder_version=\u00bb4.23.4&#8243; _dynamic_attributes=\u00bbbutton_url\u00bb _module_preset=\u00bbdefault\u00bb custom_button=\u00bbon\u00bb button_text_size=\u00bb16px\u00bb button_text_color=\u00bb#FFFFFF\u00bb button_bg_color=\u00bb#EE303C\u00bb button_border_width=\u00bb3px\u00bb button_border_color=\u00bb#FFFFFF\u00bb button_border_radius=\u00bb32px\u00bb button_font=\u00bb|800|||||||\u00bb button_use_icon=\u00bboff\u00bb custom_margin=\u00bb24px||24px||true|false\u00bb box_shadow_style=\u00bbpreset1&#8243; box_shadow_blur=\u00bb12px\u00bb box_shadow_color=\u00bbrgba(0,0,0,0.2)\u00bb global_colors_info=\u00bb{}\u00bb button_text_color__hover_enabled=\u00bbon|desktop\u00bb button_text_color__hover=\u00bb\u00bb button_bg_color__hover_enabled=\u00bbon|hover\u00bb button_bg_color__hover=\u00bb#1F2433&#8243; button_bg_enable_color__hover=\u00bbon\u00bb button_border_color__hover_enabled=\u00bbon|hover\u00bb button_border_color__hover=\u00bb#FFFFFF\u00bb][\/et_pb_button][et_pb_text _builder_version=\u00bb4.27.0&#8243; _module_preset=\u00bbdefault\u00bb header_2_font=\u00bb|700|||||||\u00bb header_2_text_color=\u00bb#ee303c\u00bb header_2_font_size=\u00bb32px\u00bb header_3_font=\u00bb|700||on|||||\u00bb header_3_font_size=\u00bb18px\u00bb header_3_letter_spacing=\u00bb1px\u00bb custom_margin=\u00bb||0px||false|false\u00bb header_2_font_size_tablet=\u00bb30px\u00bb header_2_font_size_phone=\u00bb28px\u00bb header_2_font_size_last_edited=\u00bbon|phone\u00bb global_colors_info=\u00bb{}\u00bb]<\/p>\n<p>Para cualquier otra pregunta, llama al <a href=\"tel:5129895959\">(512) 989-5959<\/a> o env\u00eda un correo electr\u00f3nico a: <a href=\"mailto:patientengagement@elligodirect.com\">patientengagement@elligodirect.com<\/a><\/p>\n<p>[\/et_pb_text][\/et_pb_column][et_pb_column type=\u00bb1_2&#8243; _builder_version=\u00bb4.27.0&#8243; _module_preset=\u00bbdefault\u00bb background_image=\u00bbhttps:\/\/elligocrc.com\/wp-content\/uploads\/2022\/09\/Image-with-doctor-1.jpeg\u00bb hover_enabled=\u00bb0&#8243; global_colors_info=\u00bb{}\u00bb title_text=\u00bbImage with doctor\u00bb sticky_enabled=\u00bb0&#8243;][et_pb_divider show_divider=\u00bboff\u00bb _builder_version=\u00bb4.16&#8243; _module_preset=\u00bbdefault\u00bb min_height=\u00bb500px\u00bb min_height_tablet=\u00bb400px\u00bb min_height_phone=\u00bb300px\u00bb min_height_last_edited=\u00bbon|phone\u00bb locked=\u00bboff\u00bb global_colors_info=\u00bb{}\u00bb][\/et_pb_divider][\/et_pb_column][\/et_pb_row][\/et_pb_section][et_pb_section fb_built=\u00bb1&#8243; admin_label=\u00bbPatients Info\u00bb module_id=\u00bbubicaci\u00f3n-1&#8243; _builder_version=\u00bb4.27.0&#8243; _module_preset=\u00bbdefault\u00bb background_enable_color=\u00bboff\u00bb custom_padding=\u00bb0px||0px||true|false\u00bb top_divider_color=\u00bb#EE303C\u00bb top_divider_height=\u00bb40px\u00bb top_divider_flip=\u00bbvertical\u00bb top_divider_arrangement=\u00bbabove_content\u00bb top_divider_height_tablet=\u00bb20px\u00bb top_divider_height_phone=\u00bb20px\u00bb top_divider_height_last_edited=\u00bbon|phone\u00bb hover_enabled=\u00bb0&#8243; border_width_bottom=\u00bb1px\u00bb border_color_bottom=\u00bbrgba(142,153,173,0.26)\u00bb locked=\u00bboff\u00bb global_colors_info=\u00bb{}\u00bb sticky_enabled=\u00bb0&#8243;][et_pb_row column_structure=\u00bb1_2,1_2&#8243; use_custom_gutter=\u00bbon\u00bb gutter_width=\u00bb1&#8243; make_equal=\u00bbon\u00bb module_class=\u00bbcustom_row\u00bb _builder_version=\u00bb4.27.0&#8243; _module_preset=\u00bbdefault\u00bb width=\u00bb100%\u00bb max_width=\u00bb100%\u00bb custom_padding=\u00bb0px||0px||true|false\u00bb hover_enabled=\u00bb0&#8243; custom_css_main_element=\u00bbalign-items: center;\u00bb global_colors_info=\u00bb{}\u00bb custom_margin=\u00bb0px||0px||false|false\u00bb sticky_enabled=\u00bb0&#8243;][et_pb_column type=\u00bb1_2&#8243; module_class=\u00bbsecond-on-mobile\u00bb _builder_version=\u00bb4.27.0&#8243; _module_preset=\u00bbdefault\u00bb background_enable_image=\u00bboff\u00bb hover_enabled=\u00bb0&#8243; global_colors_info=\u00bb{}\u00bb custom_padding=\u00bb||0px||false|false\u00bb sticky_enabled=\u00bb0&#8243;][et_pb_code _builder_version=\u00bb4.27.0&#8243; _module_preset=\u00bbdefault\u00bb text_orientation=\u00bbcenter\u00bb module_alignment=\u00bbcenter\u00bb custom_padding=\u00bb||0px||false|false\u00bb hover_enabled=\u00bb0&#8243; global_colors_info=\u00bb{}\u00bb sticky_enabled=\u00bb0&#8243; custom_margin=\u00bb||0px||false|false\u00bb]<iframe width=\"100%\" height=\"600\" style=\"border:0\" loading=\"lazy\" allowfullscreen=\"\" src=\"https:\/\/www.google.com\/maps\/embed\/v1\/place?q=place_id:ChIJu7ZyvS1LW4YRE2GWU8zHoWc&amp;key=AIzaSyCYTi1Lwq95Jhg51POMEQSwRMZOTG_rpHk\"><\/iframe>[\/et_pb_code][\/et_pb_column][et_pb_column type=\u00bb1_2&#8243; module_class=\u00bbfirst-on-mobile\u00bb _builder_version=\u00bb4.27.0&#8243; _module_preset=\u00bbdefault\u00bb custom_padding=\u00bb5vw|5vw|5vw|5vw|true|true\u00bb custom_padding_tablet=\u00bb6vw|10vw|6vw|10vw|true|true\u00bb custom_padding_phone=\u00bb10vw|10vw|10vw|10vw|true|true\u00bb custom_padding_last_edited=\u00bbon|phone\u00bb hover_enabled=\u00bb0&#8243; global_colors_info=\u00bb{}\u00bb sticky_enabled=\u00bb0&#8243;][et_pb_text _builder_version=\u00bb4.27.0&#8243; _module_preset=\u00bbdefault\u00bb header_2_font=\u00bb|700|||||||\u00bb header_2_text_color=\u00bb#ee303c\u00bb header_2_font_size=\u00bb32px\u00bb header_2_line_height=\u00bb1.25em\u00bb custom_margin=\u00bb0px||0px||false|false\u00bb hover_enabled=\u00bb0&#8243; header_2_font_size_tablet=\u00bb30px\u00bb header_2_font_size_phone=\u00bb28px\u00bb header_2_font_size_last_edited=\u00bbon|phone\u00bb global_colors_info=\u00bb{}\u00bb sticky_enabled=\u00bb0&#8243;]<\/p>\n<h2>Nuestra ubicaci\u00f3n<\/h2>\n<p>[\/et_pb_text][et_pb_divider color=\u00bb#00B1DD\u00bb divider_position=\u00bbcenter\u00bb divider_weight=\u00bb2px\u00bb _builder_version=\u00bb4.16&#8243; _module_preset=\u00bbdefault\u00bb custom_margin=\u00bb||15px||false|false\u00bb animation_style=\u00bbslide\u00bb animation_direction=\u00bbleft\u00bb global_colors_info=\u00bb{}\u00bb][\/et_pb_divider][et_pb_text _builder_version=\u00bb4.27.0&#8243; _module_preset=\u00bbdefault\u00bb header_2_font=\u00bb|700|||||||\u00bb header_2_text_color=\u00bb#ee303c\u00bb header_2_font_size=\u00bb32px\u00bb header_3_font=\u00bb|700||on|||||\u00bb header_3_font_size=\u00bb18px\u00bb header_3_letter_spacing=\u00bb1px\u00bb custom_margin=\u00bb||0px||false|false\u00bb hover_enabled=\u00bb0&#8243; header_2_font_size_tablet=\u00bb30px\u00bb header_2_font_size_phone=\u00bb28px\u00bb header_2_font_size_last_edited=\u00bbon|phone\u00bb global_colors_info=\u00bb{}\u00bb custom_padding=\u00bb||0px||false|false\u00bb sticky_enabled=\u00bb0&#8243;]<\/p>\n<p>Elligo Health Research<br \/>3508 South Lamar Blvd.<br \/>Suite 300<br \/>Austin, TX 78704<\/p>\n<h3>C\u00f3mo llegar<\/h3>\n<p>Desde Ben White Blvd\/Hwy 360\/Hwy 290\/ Hwy 71 &#8211; Toma la salida S Lamar y viaja hacia el norte por S Lamar. Estamos situados a la izquierda, entre Barley Bean Coffee y Enterprise Rent-A-Car. Justo al lado de Easy Tiger, compartiendo aparcamiento entre Easy Tiger y el banco Truist.  <\/p>\n<p>Si tienes alguna pregunta, no dudes en llamarnos al <a href=\"tel:5129895959\">(512) 989-5959<\/a> o enviarnos un correo electr\u00f3nico a: <a href=\"mailto:patientengagement@elligodirect.com\">patientengagement@elligodirect.com<\/a><\/p>\n<p>[\/et_pb_text][\/et_pb_column][\/et_pb_row][\/et_pb_section]<\/p>\n","protected":false},"excerpt":{"rendered":"<p>Ponte en contacto con nosotros si tienes alguna pregunta o est\u00e1s interesado en participar en un ensayo de investigaci\u00f3n cl\u00ednica&#8230;<\/p>\n","protected":false},"author":3,"featured_media":0,"parent":0,"menu_order":0,"comment_status":"closed","ping_status":"closed","template":"","meta":{"_et_pb_use_builder":"on","_et_pb_old_content":"","_et_gb_content_width":"","footnotes":""},"class_list":["post-1496","page","type-page","status-publish","hentry"],"_links":{"self":[{"href":"https:\/\/elligocrc.com\/es\/wp-json\/wp\/v2\/pages\/1496","targetHints":{"allow":["GET"]}}],"collection":[{"href":"https:\/\/elligocrc.com\/es\/wp-json\/wp\/v2\/pages"}],"about":[{"href":"https:\/\/elligocrc.com\/es\/wp-json\/wp\/v2\/types\/page"}],"author":[{"embeddable":true,"href":"https:\/\/elligocrc.com\/es\/wp-json\/wp\/v2\/users\/3"}],"replies":[{"embeddable":true,"href":"https:\/\/elligocrc.com\/es\/wp-json\/wp\/v2\/comments?post=1496"}],"version-history":[{"count":0,"href":"https:\/\/elligocrc.com\/es\/wp-json\/wp\/v2\/pages\/1496\/revisions"}],"wp:attachment":[{"href":"https:\/\/elligocrc.com\/es\/wp-json\/wp\/v2\/media?parent=1496"}],"curies":[{"name":"wp","href":"https:\/\/api.w.org\/{rel}","templated":true}]}}