{"id":1495,"date":"2022-02-24T20:50:46","date_gmt":"2022-02-24T20:50:46","guid":{"rendered":"https:\/\/elligocrc.com\/para-patrocinadores\/"},"modified":"2025-02-27T19:47:15","modified_gmt":"2025-02-27T19:47:15","slug":"para-patrocinadores","status":"publish","type":"page","link":"https:\/\/elligocrc.com\/es\/para-patrocinadores\/","title":{"rendered":"Para patrocinadores"},"content":{"rendered":"<p>[et_pb_section fb_built=\u00bb1&#8243; admin_label=\u00bbFor Sponsors\u00bb _builder_version=\u00bb4.16&#8243; _module_preset=\u00bbdefault\u00bb background_color=\u00bb#1F2433&#8243; background_enable_image=\u00bboff\u00bb background_blend=\u00bbsoft-light\u00bb z_index=\u00bb99&#8243; custom_padding=\u00bb40px||40px||true|false\u00bb bottom_divider_flip=\u00bbhorizontal\u00bb locked=\u00bboff\u00bb global_colors_info=\u00bb{}\u00bb][et_pb_row use_custom_gutter=\u00bbon\u00bb gutter_width=\u00bb4&#8243; make_equal=\u00bbon\u00bb _builder_version=\u00bb4.16&#8243; _module_preset=\u00bbdefault\u00bb custom_padding=\u00bb2vw||2vw||true|false\u00bb custom_css_main_element=\u00bbalign-items:center;\u00bb global_colors_info=\u00bb{}\u00bb][et_pb_column type=\u00bb4_4&#8243; _builder_version=\u00bb4.16&#8243; _module_preset=\u00bbdefault\u00bb global_colors_info=\u00bb{}\u00bb][et_pb_text _builder_version=\u00bb4.16&#8243; _module_preset=\u00bbdefault\u00bb header_font=\u00bb|700||on|||||\u00bb header_text_color=\u00bb#FFFFFF\u00bb header_font_size=\u00bb40px\u00bb header_line_height=\u00bb1.25em\u00bb header_2_font=\u00bb|700||on|||||\u00bb header_2_text_color=\u00bb#FFFFFF\u00bb header_2_font_size=\u00bb40px\u00bb header_2_line_height=\u00bb1.25em\u00bb text_orientation=\u00bbcenter\u00bb background_layout=\u00bbdark\u00bb custom_margin=\u00bb||0px||false|false\u00bb header_font_size_tablet=\u00bb36px\u00bb header_font_size_phone=\u00bb32px\u00bb header_font_size_last_edited=\u00bbon|phone\u00bb header_2_font_size_tablet=\u00bb36px\u00bb header_2_font_size_phone=\u00bb32px\u00bb header_2_font_size_last_edited=\u00bbon|phone\u00bb global_colors_info=\u00bb{}\u00bb]<\/p>\n<h1>Para patrocinadores<\/h1>\n<p>[\/et_pb_text][\/et_pb_column][\/et_pb_row][\/et_pb_section][et_pb_section fb_built=\u00bb1&#8243; admin_label=\u00bbSponsors Info\u00bb _builder_version=\u00bb4.16&#8243; _module_preset=\u00bbdefault\u00bb background_enable_color=\u00bboff\u00bb custom_padding=\u00bb0px||0px||true|false\u00bb top_divider_color=\u00bb#EE303C\u00bb top_divider_height=\u00bb40px\u00bb top_divider_flip=\u00bbvertical\u00bb top_divider_arrangement=\u00bbabove_content\u00bb top_divider_height_tablet=\u00bb20px\u00bb top_divider_height_phone=\u00bb20px\u00bb top_divider_height_last_edited=\u00bbon|phone\u00bb locked=\u00bboff\u00bb global_colors_info=\u00bb{}\u00bb][et_pb_row column_structure=\u00bb1_2,1_2&#8243; use_custom_gutter=\u00bbon\u00bb gutter_width=\u00bb1&#8243; make_equal=\u00bbon\u00bb _builder_version=\u00bb4.27.0&#8243; _module_preset=\u00bbdefault\u00bb width=\u00bb100%\u00bb max_width=\u00bb100%\u00bb custom_padding=\u00bb0px||0px||true|false\u00bb link_option_url_new_window=\u00bbon\u00bb hover_enabled=\u00bb0&#8243; global_colors_info=\u00bb{}\u00bb sticky_enabled=\u00bb0&#8243;][et_pb_column type=\u00bb1_2&#8243; module_class=\u00bbfirst-on-mobile\u00bb _builder_version=\u00bb4.16&#8243; _module_preset=\u00bbdefault\u00bb custom_padding=\u00bb5vw|5vw|5vw|5vw|true|true\u00bb custom_padding_tablet=\u00bb6vw|10vw|6vw|10vw|true|true\u00bb custom_padding_phone=\u00bb10vw|10vw|10vw|10vw|true|true\u00bb custom_padding_last_edited=\u00bbon|phone\u00bb global_colors_info=\u00bb{}\u00bb][et_pb_text _builder_version=\u00bb4.16&#8243; _module_preset=\u00bbdefault\u00bb header_2_font=\u00bb|700|||||||\u00bb header_2_text_color=\u00bb#ee303c\u00bb header_2_font_size=\u00bb32px\u00bb header_2_line_height=\u00bb1.25em\u00bb custom_margin=\u00bb||0px||false|false\u00bb header_2_font_size_tablet=\u00bb30px\u00bb header_2_font_size_phone=\u00bb28px\u00bb header_2_font_size_last_edited=\u00bbon|phone\u00bb global_colors_info=\u00bb{}\u00bb]<\/p>\n<h2>Nuestras capacidades<\/h2>\n<p>[\/et_pb_text][et_pb_divider color=\u00bb#00B1DD\u00bb divider_position=\u00bbcenter\u00bb divider_weight=\u00bb2px\u00bb admin_label=\u00bbDivider\u00bb _builder_version=\u00bb4.16&#8243; _module_preset=\u00bbdefault\u00bb custom_margin=\u00bb||15px||false|false\u00bb animation_style=\u00bbslide\u00bb animation_direction=\u00bbleft\u00bb global_colors_info=\u00bb{}\u00bb][\/et_pb_divider][et_pb_text module_class=\u00bbspecial-bullet\u00bb _builder_version=\u00bb4.27.0&#8243; _module_preset=\u00bbdefault\u00bb header_2_font=\u00bb|700|||||||\u00bb header_2_text_color=\u00bb#ee303c\u00bb header_2_font_size=\u00bb32px\u00bb custom_margin=\u00bb||0px||false|false\u00bb header_2_font_size_tablet=\u00bb30px\u00bb header_2_font_size_phone=\u00bb28px\u00bb header_2_font_size_last_edited=\u00bbon|phone\u00bb global_colors_info=\u00bb{}\u00bb]El Centro de Investigaci\u00f3n Cl\u00ednica <a href=\"https:\/\/www.elligohealthresearch.com\/\" target=\"_blank\" rel=\"noopener\">Elligo<\/a> tiene muchas de las caracter\u00edsticas que buscan los patrocinadores y las CRO al seleccionar un centro de investigaci\u00f3n. Algunas de las caracter\u00edsticas m\u00e1s destacadas de nuestras instalaciones son <\/p>\n<ul>\n<li>Almacenamiento seguro de productos de investigaci\u00f3n, con control digital de la temperatura, incluido el almacenamiento a temperatura ambiente y refrigerado<\/li>\n<li>Capacidades\/experiencia en PBMC y TruCulture<\/li>\n<li>Registro IBC con Advarra y WCG<\/li>\n<li>Capacidad del farmac\u00e9utico no ciego<\/li>\n<li>Personal biling\u00fce &#8211; ingl\u00e9s, espa\u00f1ol<\/li>\n<\/ul>\n<p>[\/et_pb_text][\/et_pb_column][et_pb_column type=\u00bb1_2&#8243; admin_label=\u00bbColumna\u00bb _builder_version=\u00bb4.27.0&#8243; _module_preset=\u00bbdefault\u00bb background_image=\u00bbhttps:\/\/elligocrc.wpengine.com\/wp-content\/uploads\/2022\/09\/shutterstock_406844617-1.jpg\u00bb background_position=\u00bbtop_center\u00bb hover_enabled=\u00bb0&#8243; global_colors_info=\u00bb{}\u00bb sticky_enabled=\u00bb0&#8243;][et_pb_divider show_divider=\u00bboff\u00bb _builder_version=\u00bb4.16&#8243; _module_preset=\u00bbdefault\u00bb min_height=\u00bb500px\u00bb min_height_tablet=\u00bb400px\u00bb min_height_phone=\u00bb300px\u00bb min_height_last_edited=\u00bbon|phone\u00bb locked=\u00bboff\u00bb global_colors_info=\u00bb{}\u00bb][\/et_pb_divider][\/et_pb_column][\/et_pb_row][et_pb_row column_structure=\u00bb1_2,1_2&#8243; use_custom_gutter=\u00bbon\u00bb gutter_width=\u00bb1&#8243; make_equal=\u00bbon\u00bb module_class=\u00bbcustom_row\u00bb _builder_version=\u00bb4.27.0&#8243; _module_preset=\u00bbdefault\u00bb width=\u00bb100%\u00bb max_width=\u00bb100%\u00bb custom_padding=\u00bb0px||0px||true|false\u00bb global_colors_info=\u00bb{}\u00bb][et_pb_column type=\u00bb1_2&#8243; module_class=\u00bbsecond-on-mobile\u00bb _builder_version=\u00bb4.27.0&#8243; _module_preset=\u00bbdefault\u00bb background_image=\u00bbhttps:\/\/elligocrc.wpengine.com\/wp-content\/uploads\/2023\/05\/PXL_20230419_121017414-Blur-2.jpg\u00bb background_position=\u00bbbottom_left\u00bb global_colors_info=\u00bb{}\u00bb][et_pb_divider show_divider=\u00bboff\u00bb _builder_version=\u00bb4.16&#8243; _module_preset=\u00bbdefault\u00bb min_height=\u00bb500px\u00bb min_height_tablet=\u00bb400px\u00bb min_height_phone=\u00bb300px\u00bb min_height_last_edited=\u00bbon|phone\u00bb locked=\u00bboff\u00bb global_colors_info=\u00bb{}\u00bb][\/et_pb_divider][\/et_pb_column][et_pb_column type=\u00bb1_2&#8243; module_class=\u00bbfirst-on-mobile\u00bb _builder_version=\u00bb4.16&#8243; _module_preset=\u00bbdefault\u00bb custom_padding=\u00bb5vw|5vw|5vw|5vw|true|true\u00bb custom_padding_tablet=\u00bb6vw|10vw|6vw|10vw|true|true\u00bb custom_padding_phone=\u00bb10vw|10vw|10vw|10vw|true|true\u00bb custom_padding_last_edited=\u00bbon|phone\u00bb global_colors_info=\u00bb{}\u00bb][et_pb_text _builder_version=\u00bb4.16&#8243; _module_preset=\u00bbdefault\u00bb header_2_font=\u00bb|700|||||||\u00bb header_2_text_color=\u00bb#ee303c\u00bb header_2_font_size=\u00bb32px\u00bb header_2_line_height=\u00bb1.25em\u00bb custom_margin=\u00bb||0px||false|false\u00bb header_2_font_size_tablet=\u00bb30px\u00bb header_2_font_size_phone=\u00bb28px\u00bb header_2_font_size_last_edited=\u00bbon|phone\u00bb global_colors_info=\u00bb{}\u00bb]<\/p>\n<h2>Equipo de obra<\/h2>\n<p>[\/et_pb_text][et_pb_divider color=\u00bb#00B1DD\u00bb divider_position=\u00bbcenter\u00bb divider_weight=\u00bb2px\u00bb _builder_version=\u00bb4.16&#8243; _module_preset=\u00bbdefault\u00bb custom_margin=\u00bb||15px||false|false\u00bb animation_style=\u00bbslide\u00bb animation_direction=\u00bbleft\u00bb global_colors_info=\u00bb{}\u00bb][\/et_pb_divider][et_pb_text content_tablet=\u00bb<\/p>\n<table border=%220%22 style=%22width: 100%; border-collapse: collapse; border-style: none; border-color: #ffffff;%22>\n<tbody>\n<tr>\n<td style=%22width: 50%;%22>\n<ul>\n<li>-20\u00b0 Congelador | -80\u00b0 Congelador<\/li>\n<li>Refrigerador<\/li>\n<li>Centrifugadora refrigerada<\/li>\n<li>Farmacia\/almac\u00e9n de medicamentos<\/li>\n<li>Cabina de bioseguridad (BSL 2)<\/li>\n<li>Espirometr\u00eda en sitio<\/li>\n<li>B\u00e1scula Bari\u00e1trica \/ Mesa de examen \/ Mobiliario<\/li>\n<\/ul>\n<\/td>\n<td style=%22width: 50%;%22>\n<ul>\n<li>Electrocardiograma de 12 derivaciones<\/li>\n<li>Laboratorio exento de CLIA y flebotom\u00eda en sitio<\/li>\n<li>Acceso a hielo seco<\/li>\n<li>Equipo de emergencia en sitio, incluido DEA\/Desfibrilador, medicamentos de rescate<\/li>\n<\/ul>\n<\/td>\n<\/tr>\n<\/tbody>\n<\/table>\n<p>\u00bb content_phone=\u00bb<\/p>\n<ul>\n<li>-20\u00b0 Congelador | -80\u00b0 Congelador<\/li>\n<li>Refrigerador<\/li>\n<li>Centrifugadora refrigerada<\/li>\n<li>Farmacia\/almac\u00e9n de medicamentos<\/li>\n<li>Cabina de bioseguridad (BSL 2)<\/li>\n<li>Espirometr\u00eda en sitio<\/li>\n<li>B\u00e1scula Bari\u00e1trica \/ Mesa de examen \/ Mobiliario<\/li>\n<li>Electrocardiograma de 12 derivaciones<\/li>\n<li>Laboratorio exento de CLIA y flebotom\u00eda en sitio<\/li>\n<li>Acceso a hielo seco<\/li>\n<li>Equipo de emergencia en sitio, incluido DEA\/Desfibrilador, medicamentos de rescate<\/li>\n<\/ul>\n<p>\u00bb content_last_edited=\u00bbon|phone\u00bb module_class=\u00bbspecial-bullet\u00bb _builder_version=\u00bb4.27.0&#8243; _module_preset=\u00bbdefault\u00bb custom_margin_tablet=\u00bb||||false|false\u00bb custom_margin_phone=\u00bb||0px||false|false\u00bb custom_margin_last_edited=\u00bbon|desktop\u00bb hover_enabled=\u00bb0&#8243; global_colors_info=\u00bb{}\u00bb sticky_enabled=\u00bb0&#8243;]<\/p>\n<p>&nbsp;<\/p>\n<table border=\"0\" style=\"width: 100%; border-collapse: collapse; border-style: none; border-color: #ffffff;\">\n<tbody>\n<tr>\n<td style=\"width: 50%;\">\n<ul>\n<li>-20\u00b0 Congelador | -80\u00b0 Congelador<\/li>\n<li>Refrigerador<\/li>\n<li>Centrifugadora refrigerada<\/li>\n<li>Farmacia\/almac\u00e9n de medicamentos<\/li>\n<li>Cabina de bioseguridad (BSL 2)<\/li>\n<li>Espirometr\u00eda en sitio<\/li>\n<li>B\u00e1scula Bari\u00e1trica \/ Mesa de examen \/ Mobiliario<\/li>\n<\/ul>\n<\/td>\n<td style=\"width: 50%;\">\n<ul>\n<li>Electrocardiograma de 12 derivaciones<\/li>\n<li>Laboratorio exento de CLIA y flebotom\u00eda en sitio<\/li>\n<li>Acceso a hielo seco<\/li>\n<li>Equipo de emergencia en sitio, incluido DEA\/Desfibrilador, medicamentos de rescate<\/li>\n<\/ul>\n<\/td>\n<\/tr>\n<\/tbody>\n<\/table>\n<p>&nbsp;<\/p>\n<p>[\/et_pb_text][\/et_pb_column][\/et_pb_row][\/et_pb_section][et_pb_section fb_built=\u00bb1&#8243; admin_label=\u00bbSponsors Info 2&#8243; _builder_version=\u00bb4.16&#8243; _module_preset=\u00bbdefault\u00bb background_color=\u00bb#eff3f6&#8243; custom_padding=\u00bb40px||40px||true|false\u00bb locked=\u00bboff\u00bb global_colors_info=\u00bb{}\u00bb][et_pb_row use_custom_gutter=\u00bbon\u00bb gutter_width=\u00bb4&#8243; make_equal=\u00bbon\u00bb _builder_version=\u00bb4.16&#8243; _module_preset=\u00bbdefault\u00bb custom_padding=\u00bb2vw||0px||false|false\u00bb custom_css_main_element=\u00bbalign-items:center;\u00bb global_colors_info=\u00bb{}\u00bb][et_pb_column type=\u00bb4_4&#8243; _builder_version=\u00bb4.16&#8243; _module_preset=\u00bbdefault\u00bb global_colors_info=\u00bb{}\u00bb][et_pb_text _builder_version=\u00bb4.16&#8243; _module_preset=\u00bbdefault\u00bb header_2_font=\u00bb|700|||||||\u00bb header_2_text_color=\u00bb#ee303c\u00bb header_2_font_size=\u00bb32px\u00bb header_2_line_height=\u00bb1.25em\u00bb custom_margin=\u00bb||0px||false|false\u00bb header_2_font_size_tablet=\u00bb30px\u00bb header_2_font_size_phone=\u00bb28px\u00bb header_2_font_size_last_edited=\u00bbon|phone\u00bb global_colors_info=\u00bb{}\u00bb]<\/p>\n<h2>Caracter\u00edsticas adicionales y aspectos destacados<\/h2>\n<p>[\/et_pb_text][et_pb_divider color=\u00bb#00B1DD\u00bb divider_position=\u00bbcenter\u00bb divider_weight=\u00bb2px\u00bb _builder_version=\u00bb4.16&#8243; _module_preset=\u00bbdefault\u00bb custom_margin=\u00bb||15px||false|false\u00bb animation_style=\u00bbslide\u00bb animation_direction=\u00bbleft\u00bb global_colors_info=\u00bb{}\u00bb][\/et_pb_divider][\/et_pb_column][\/et_pb_row][et_pb_row column_structure=\u00bb1_3,1_3,1_3&#8243; module_class=\u00bbspecial-bullet\u00bb _builder_version=\u00bb4.19.1&#8243; _module_preset=\u00bbdefault\u00bb custom_padding=\u00bb||2vw||false|false\u00bb link_option_url_new_window=\u00bbon\u00bb global_colors_info=\u00bb{}\u00bb][et_pb_column type=\u00bb1_3&#8243; _builder_version=\u00bb4.16&#8243; _module_preset=\u00bbdefault\u00bb global_colors_info=\u00bb{}\u00bb][et_pb_text _builder_version=\u00bb4.16&#8243; _module_preset=\u00bbdefault\u00bb custom_margin_tablet=\u00bb||-45px||false|false\u00bb custom_margin_phone=\u00bb||-45px||false|false\u00bb custom_margin_last_edited=\u00bbon|phone\u00bb global_colors_info=\u00bb{}\u00bb]<\/p>\n<ul>\n<li>Tel\u00e9fono de urgencias 24 horas<\/li>\n<li>Personal certificado por la IATA<\/li>\n<\/ul>\n<p>[\/et_pb_text][\/et_pb_column][et_pb_column type=\u00bb1_3&#8243; _builder_version=\u00bb4.16&#8243; _module_preset=\u00bbdefault\u00bb global_colors_info=\u00bb{}\u00bb][et_pb_text _builder_version=\u00bb4.19.1&#8243; _module_preset=\u00bbdefault\u00bb custom_margin_tablet=\u00bb||-45px||false|false\u00bb custom_margin_phone=\u00bb||-45px||false|false\u00bb custom_margin_last_edited=\u00bbon|tablet\u00bb global_colors_info=\u00bb{}\u00bb]<\/p>\n<ul>\n<li>Entrega r\u00e1pida de documentos normativos, contratos y presupuestos<\/li>\n<li>Plan de reclutamiento de sujetos y ejecuci\u00f3n a trav\u00e9s de la afiliaci\u00f3n a <a href=\"https:\/\/www.elligohealthresearch.com\/\" target=\"_blank\" rel=\"noopener\">Elligo Health Research<\/a> <\/li>\n<\/ul>\n<p>[\/et_pb_text][\/et_pb_column][et_pb_column type=\u00bb1_3&#8243; _builder_version=\u00bb4.16&#8243; _module_preset=\u00bbdefault\u00bb global_colors_info=\u00bb{}\u00bb][et_pb_text _builder_version=\u00bb4.16&#8243; _module_preset=\u00bbdefault\u00bb global_colors_info=\u00bb{}\u00bb]<\/p>\n<ul>\n<li>Acceso a Internet de alta velocidad con capacidades inal\u00e1mbricas<\/li>\n<li>Experiencia trabajando con IRB centrales, como Advarra, WCG<\/li>\n<\/ul>\n<p>[\/et_pb_text][\/et_pb_column][\/et_pb_row][\/et_pb_section][et_pb_section fb_built=\u00bb1&#8243; admin_label=\u00bbParallax 2&#8243; _builder_version=\u00bb4.16&#8243; _module_preset=\u00bbdefault\u00bb background_image=\u00bbhttps:\/\/elligocrc.wpengine.com\/wp-content\/uploads\/2022\/02\/E_CRC_Parallax_01-1.jpg\u00bb parallax=\u00bbon\u00bb parallax_method=\u00bboff\u00bb min_height=\u00bb375px\u00bb min_height_tablet=\u00bb250px\u00bb min_height_phone=\u00bb175px\u00bb min_height_last_edited=\u00bbon|phone\u00bb top_divider_flip=\u00bbhorizontal\u00bb background_last_edited=\u00bbon|desktop\u00bb parallax_tablet=\u00bboff\u00bb locked=\u00bboff\u00bb global_colors_info=\u00bb{}\u00bb][et_pb_row use_custom_gutter=\u00bbon\u00bb gutter_width=\u00bb4&#8243; make_equal=\u00bbon\u00bb _builder_version=\u00bb4.16&#8243; _module_preset=\u00bbdefault\u00bb custom_padding=\u00bb2vw||2vw||true|false\u00bb custom_css_main_element=\u00bbalign-items:center;\u00bb global_colors_info=\u00bb{}\u00bb][et_pb_column type=\u00bb4_4&#8243; _builder_version=\u00bb4.16&#8243; _module_preset=\u00bbdefault\u00bb global_colors_info=\u00bb{}\u00bb][\/et_pb_column][\/et_pb_row][\/et_pb_section]<\/p>\n","protected":false},"excerpt":{"rendered":"<p>El Centro de Investigaci\u00f3n Cl\u00ednica Elligo tiene muchas de las caracter\u00edsticas que buscan los patrocinadores y las CRO al seleccionar un centro de investigaci\u00f3n&#8230;<\/p>\n","protected":false},"author":3,"featured_media":0,"parent":0,"menu_order":0,"comment_status":"closed","ping_status":"closed","template":"","meta":{"_et_pb_use_builder":"on","_et_pb_old_content":"","_et_gb_content_width":"","footnotes":""},"class_list":["post-1495","page","type-page","status-publish","hentry"],"_links":{"self":[{"href":"https:\/\/elligocrc.com\/es\/wp-json\/wp\/v2\/pages\/1495","targetHints":{"allow":["GET"]}}],"collection":[{"href":"https:\/\/elligocrc.com\/es\/wp-json\/wp\/v2\/pages"}],"about":[{"href":"https:\/\/elligocrc.com\/es\/wp-json\/wp\/v2\/types\/page"}],"author":[{"embeddable":true,"href":"https:\/\/elligocrc.com\/es\/wp-json\/wp\/v2\/users\/3"}],"replies":[{"embeddable":true,"href":"https:\/\/elligocrc.com\/es\/wp-json\/wp\/v2\/comments?post=1495"}],"version-history":[{"count":0,"href":"https:\/\/elligocrc.com\/es\/wp-json\/wp\/v2\/pages\/1495\/revisions"}],"wp:attachment":[{"href":"https:\/\/elligocrc.com\/es\/wp-json\/wp\/v2\/media?parent=1495"}],"curies":[{"name":"wp","href":"https:\/\/api.w.org\/{rel}","templated":true}]}}