{"id":1494,"date":"2018-02-19T08:23:05","date_gmt":"2018-02-19T08:23:05","guid":{"rendered":"https:\/\/elligocrc.com\/inicio\/"},"modified":"2025-11-14T15:04:11","modified_gmt":"2025-11-14T15:04:11","slug":"inicio","status":"publish","type":"page","link":"https:\/\/elligocrc.com\/es\/","title":{"rendered":"Inicio"},"content":{"rendered":"<p>[et_pb_section fb_built=\u00bb1&#8243; custom_padding_last_edited=\u00bbon|desktop\u00bb admin_label=\u00bbOnly Elligo\u00bb _builder_version=\u00bb4.16&#8243; _module_preset=\u00bbdefault\u00bb background_image=\u00bbhttps:\/\/elligocrc.wpengine.com\/wp-content\/uploads\/2022\/03\/Elligo_DR-Patient-Web-2.jpg\u00bb parallax=\u00bbon\u00bb z_index=\u00bb5&#8243; custom_padding=\u00bb200px||215px||false|false\u00bb custom_padding_tablet=\u00bb150px||175px||false|false\u00bb custom_padding_phone=\u00bb100px||150px||false|false\u00bb global_colors_info=\u00bb{}\u00bb][et_pb_row _builder_version=\u00bb4.16&#8243; _module_preset=\u00bbdefault\u00bb width=\u00bb95%\u00bb module_alignment=\u00bbcenter\u00bb animation_style=\u00bbslide\u00bb global_colors_info=\u00bb{}\u00bb][et_pb_column type=\u00bb4_4&#8243; _builder_version=\u00bb4.16&#8243; _module_preset=\u00bbdefault\u00bb z_index=\u00bb100&#8243; animation_direction=\u00bbbottom\u00bb global_colors_info=\u00bb{}\u00bb][et_pb_text module_class=\u00bbonly-elligo\u00bb _builder_version=\u00bb4.16&#8243; _module_preset=\u00bbdefault\u00bb text_font=\u00bb||||||||\u00bb text_text_color=\u00bb#FFFFFF\u00bb text_font_size=\u00bb20px\u00bb text_line_height=\u00bb1.35em\u00bb header_font=\u00bb|||on|||||\u00bb header_2_font=\u00bb|||on|||||\u00bb header_2_text_align=\u00bbcenter\u00bb header_2_font_size=\u00bb115px\u00bb header_2_letter_spacing=\u00bb3px\u00bb header_2_line_height=\u00bb1.15em\u00bb background_layout=\u00bbdark\u00bb module_alignment=\u00bbcenter\u00bb custom_margin=\u00bb||-10px||false|false\u00bb text_font_size_tablet=\u00bb20px\u00bb text_font_size_phone=\u00bb18px\u00bb text_font_size_last_edited=\u00bbon|desktop\u00bb header_2_font_size_tablet=\u00bb70px\u00bb header_2_font_size_phone=\u00bb40px\u00bb header_2_font_size_last_edited=\u00bbon|phone\u00bb global_colors_info=\u00bb{}\u00bb]<\/p>\n<h2><span class=\"outline\">S\u00f3lo<\/span> Elligo<\/h2>\n<p>[\/et_pb_text][et_pb_text module_class=\u00bbelligo-sub\u00bb _builder_version=\u00bb4.16&#8243; _module_preset=\u00bbdefault\u00bb text_text_color=\u00bb#FFFFFF\u00bb text_font_size=\u00bb20px\u00bb text_line_height=\u00bb1.35em\u00bb header_2_font=\u00bb||||||||\u00bb header_2_text_align=\u00bbcenter\u00bb header_2_font_size=\u00bb36px\u00bb header_2_line_height=\u00bb1.15em\u00bb background_layout=\u00bbdark\u00bb module_alignment=\u00bbcenter\u00bb custom_margin=\u00bb||25px||false|false\u00bb custom_margin_tablet=\u00bb||15px||false|false\u00bb custom_margin_phone=\u00bb||10px||false|false\u00bb custom_margin_last_edited=\u00bbon|tablet\u00bb custom_padding=\u00bb|40px||40px|false|true\u00bb text_font_size_tablet=\u00bb20px\u00bb text_font_size_phone=\u00bb18px\u00bb text_font_size_last_edited=\u00bbon|desktop\u00bb header_2_font_size_tablet=\u00bb24px\u00bb header_2_font_size_phone=\u00bb20px\u00bb header_2_font_size_last_edited=\u00bbon|phone\u00bb global_colors_info=\u00bb{}\u00bb]<\/p>\n<h2>Permite la investigaci\u00f3n cl\u00ednica como opci\u00f3n asistencial<\/h2>\n<p>[\/et_pb_text][et_pb_button button_url=\u00bbhttps:\/\/elligocrc.com\/es\/para-los-participantes\/#studies-grid\u00bb button_text=\u00bbEstudios actuales  \u00bb button_alignment=\u00bbcenter\u00bb _builder_version=\u00bb4.20.4&#8243; _module_preset=\u00bbdefault\u00bb custom_button=\u00bbon\u00bb button_text_color=\u00bb#EE303C\u00bb button_bg_color=\u00bb#FFFFFF\u00bb button_border_width=\u00bb3px\u00bb button_border_color=\u00bb#FFFFFF\u00bb button_border_radius=\u00bb32px\u00bb button_font=\u00bb|800|||||||\u00bb button_use_icon=\u00bboff\u00bb custom_margin=\u00bb||||false|false\u00bb custom_margin_tablet=\u00bb||||false|false\u00bb custom_margin_phone=\u00bb||||false|false\u00bb custom_margin_last_edited=\u00bbon|phone\u00bb custom_padding=\u00bb8px|25px|8px|25px|true|true\u00bb button_text_size_tablet=\u00bb18px\u00bb button_text_size_phone=\u00bb16px\u00bb button_text_size_last_edited=\u00bbon|phone\u00bb global_colors_info=\u00bb{}\u00bb button_bg_color__hover_enabled=\u00bbon|hover\u00bb button_bg_color__hover=\u00bb#1F2433&#8243; button_bg_enable_color__hover=\u00bbon\u00bb button_text_color__hover_enabled=\u00bbon|hover\u00bb button_text_color__hover=\u00bb#FFFFFF\u00bb][\/et_pb_button][\/et_pb_column][\/et_pb_row][\/et_pb_section][et_pb_section fb_built=\u00bb1&#8243; admin_label=\u00bbOur Experience\u00bb module_id=\u00bbAcerca de\u00bb _builder_version=\u00bb4.16&#8243; _module_preset=\u00bbdefault\u00bb custom_padding=\u00bb40px||40px||true|false\u00bb global_colors_info=\u00bb{}\u00bb][et_pb_row column_structure=\u00bb3_5,2_5&#8243; use_custom_gutter=\u00bbon\u00bb gutter_width=\u00bb2&#8243; make_equal=\u00bbon\u00bb _builder_version=\u00bb4.27.2&#8243; _module_preset=\u00bbdefault\u00bb custom_padding=\u00bb2vw||0px||false|false\u00bb custom_css_main_element=\u00bbalign-items:center;\u00bb global_colors_info=\u00bb{}\u00bb][et_pb_column type=\u00bb3_5&#8243; _builder_version=\u00bb4.16&#8243; _module_preset=\u00bbdefault\u00bb global_colors_info=\u00bb{}\u00bb][et_pb_text _builder_version=\u00bb4.16&#8243; _module_preset=\u00bbdefault\u00bb header_2_font=\u00bb|700|||||||\u00bb header_2_text_color=\u00bb#ee303c\u00bb header_2_font_size=\u00bb32px\u00bb header_2_line_height=\u00bb1.25em\u00bb custom_margin=\u00bb||0px||false|false\u00bb header_2_font_size_tablet=\u00bb30px\u00bb header_2_font_size_phone=\u00bb28px\u00bb header_2_font_size_last_edited=\u00bbon|phone\u00bb global_colors_info=\u00bb{}\u00bb]<\/p>\n<h2>Qui\u00e9nes somos<\/h2>\n<p>[\/et_pb_text][et_pb_divider color=\u00bb#00B1DD\u00bb divider_position=\u00bbcenter\u00bb divider_weight=\u00bb2px\u00bb _builder_version=\u00bb4.27.2&#8243; _module_preset=\u00bbdefault\u00bb custom_margin=\u00bb||20px||false|false\u00bb animation_style=\u00bbslide\u00bb animation_direction=\u00bbleft\u00bb global_colors_info=\u00bb{}\u00bb][\/et_pb_divider][et_pb_text ul_item_indent=\u00bb40px\u00bb ul_item_indent_tablet=\u00bb40px\u00bb ul_item_indent_phone=\u00bb30px\u00bb ul_item_indent_last_edited=\u00bbon|phone\u00bb module_class=\u00bbspecial-bullet\u00bb _builder_version=\u00bb4.27.2&#8243; _module_preset=\u00bbdefault\u00bb header_2_font=\u00bb|700|||||||\u00bb header_2_text_color=\u00bb#ee303c\u00bb custom_margin=\u00bb||0px||false|false\u00bb global_colors_info=\u00bb{}\u00bb]<\/p>\n<p>El Centro de Investigaci\u00f3n Cl\u00ednica Elligo (Elligo CRC), fundado en 2021, es un centro de investigaci\u00f3n cl\u00ednica de Austin, TX. En nuestras instalaciones se llevan a cabo ensayos de fase 1 de escalada de dosis de vacunas, estudios cl\u00ednicos de fase II, III y IV, adem\u00e1s de estudios de diagn\u00f3stico y de dispositivos, para ayudar a encontrar: <\/p>\n<p>[\/et_pb_text][et_pb_text ul_item_indent=\u00bb40px\u00bb ul_item_indent_tablet=\u00bb40px\u00bb ul_item_indent_phone=\u00bb30px\u00bb ul_item_indent_last_edited=\u00bbon|phone\u00bb module_class=\u00bbspecial-bullet\u00bb _builder_version=\u00bb4.27.2&#8243; _module_preset=\u00bbdefault\u00bb header_2_font=\u00bb|700|||||||\u00bb header_2_text_color=\u00bb#ee303c\u00bb custom_margin=\u00bb1rem||0px||false|false\u00bb global_colors_info=\u00bb{}\u00bb]<\/p>\n<ul>\n<li>Nuevos tratamientos y terapias<\/li>\n<li>Tratamientos m\u00e1s eficaces que los disponibles anteriormente<\/li>\n<li>Terapias de prevenci\u00f3n de enfermedades<\/li>\n<li>Dispositivos m\u00e9dicos nuevos y\/o mejorados<\/li>\n<li>Nuevas pruebas diagn\u00f3sticas<\/li>\n<\/ul>\n<p>[\/et_pb_text][et_pb_text disabled_on=\u00bboff|off|on\u00bb module_class=\u00bbspecial-bullet\u00bb _builder_version=\u00bb4.27.2&#8243; _module_preset=\u00bbdefault\u00bb header_2_font=\u00bb|700|||||||\u00bb header_2_text_color=\u00bb#ee303c\u00bb global_colors_info=\u00bb{}\u00bb]<\/p>\n<p>Dirigido por la Dra. Faith Holmes, nuestro equipo ha realizado ensayos cl\u00ednicos en m\u00faltiples \u00e1reas terap\u00e9uticas en estudios intervencionistas, de diagn\u00f3stico y de dispositivos. Somos un grupo de profesionales sanitarios que nos esforzamos por mejorar la calidad de la salud y el bienestar mediante la investigaci\u00f3n m\u00e9dica. <\/p>\n<p>[\/et_pb_text][\/et_pb_column][et_pb_column type=\u00bb2_5&#8243; _builder_version=\u00bb4.16&#8243; _module_preset=\u00bbdefault\u00bb global_colors_info=\u00bb{}\u00bb][et_pb_image src=\u00bbhttps:\/\/elligocrc.com\/wp-content\/uploads\/2025\/06\/full-staff_05JUN2025.webp\u00bb title_text=\u00bbfull-staff_05JUN2025&#8243; show_bottom_space=\u00bboff\u00bb align=\u00bbcenter\u00bb _builder_version=\u00bb4.27.4&#8243; _module_preset=\u00bbdefault\u00bb max_width=\u00bb340px\u00bb max_width_tablet=\u00bb450px\u00bb max_width_phone=\u00bb450px\u00bb max_width_last_edited=\u00bbon|phone\u00bb custom_margin_tablet=\u00bb||40px||false|false\u00bb custom_margin_phone=\u00bb||40px||false|false\u00bb custom_margin_last_edited=\u00bbon|tablet\u00bb global_colors_info=\u00bb{}\u00bb][\/et_pb_image][\/et_pb_column][\/et_pb_row][et_pb_row disabled_on=\u00bbon|on|off\u00bb _builder_version=\u00bb4.27.2&#8243; _module_preset=\u00bbdefault\u00bb custom_margin=\u00bb15px||||false|false\u00bb custom_padding=\u00bb0px||||false|false\u00bb global_colors_info=\u00bb{}\u00bb][et_pb_column type=\u00bb4_4&#8243; _builder_version=\u00bb4.24.2&#8243; _module_preset=\u00bbdefault\u00bb global_colors_info=\u00bb{}\u00bb][et_pb_text module_class=\u00bbspecial-bullet\u00bb _builder_version=\u00bb4.24.2&#8243; _module_preset=\u00bbdefault\u00bb header_2_font=\u00bb|700|||||||\u00bb header_2_text_color=\u00bb#ee303c\u00bb global_colors_info=\u00bb{}\u00bb]Dirigido por la Dra. Faith Holmes, nuestro equipo ha realizado ensayos cl\u00ednicos en m\u00faltiples \u00e1reas terap\u00e9uticas en estudios intervencionistas, de diagn\u00f3stico y de dispositivos. Somos un grupo de profesionales sanitarios que nos esforzamos por mejorar la calidad de la salud y el bienestar mediante la investigaci\u00f3n m\u00e9dica.[\/et_pb_text][\/et_pb_column][\/et_pb_row][et_pb_row _builder_version=\u00bb4.24.0&#8243; _module_preset=\u00bbdefault\u00bb global_colors_info=\u00bb{}\u00bb][et_pb_column type=\u00bb4_4&#8243; _builder_version=\u00bb4.24.0&#8243; _module_preset=\u00bbdefault\u00bb global_colors_info=\u00bb{}\u00bb][et_pb_text _builder_version=\u00bb4.16&#8243; _module_preset=\u00bbdefault\u00bb header_2_font=\u00bb|700|||||||\u00bb header_2_text_color=\u00bb#ee303c\u00bb header_2_font_size=\u00bb32px\u00bb header_2_line_height=\u00bb1.25em\u00bb custom_margin=\u00bb||0px||false|false\u00bb header_2_font_size_tablet=\u00bb30px\u00bb header_2_font_size_phone=\u00bb28px\u00bb header_2_font_size_last_edited=\u00bbon|phone\u00bb global_colors_info=\u00bb{}\u00bb]<\/p>\n<h2>La historia de un paciente: Ensayo sobre la diabetes<\/h2>\n<p>[\/et_pb_text][et_pb_divider color=\u00bb#00B1DD\u00bb divider_position=\u00bbcenter\u00bb divider_weight=\u00bb2px\u00bb _builder_version=\u00bb4.16&#8243; _module_preset=\u00bbdefault\u00bb custom_margin=\u00bb||15px||false|false\u00bb animation_style=\u00bbslide\u00bb animation_direction=\u00bbleft\u00bb global_colors_info=\u00bb{}\u00bb][\/et_pb_divider][et_pb_video src_webm=\u00bbhttps:\/\/elligocrc.com\/wp-content\/uploads\/2024\/02\/Elligo_ShawnPatientVideo_VF_1080-Compressed.mp4&#8243; _builder_version=\u00bb4.24.0&#8243; _module_preset=\u00bbdefault\u00bb global_colors_info=\u00bb{}\u00bb][\/et_pb_video][\/et_pb_column][\/et_pb_row][\/et_pb_section][et_pb_section fb_built=\u00bb1&#8243; admin_label=\u00bbOur Mission\u00bb _builder_version=\u00bb4.16&#8243; _module_preset=\u00bbdefault\u00bb background_color=\u00bb#eff3f6&#8243; custom_margin=\u00bb-24px|||||\u00bb custom_padding=\u00bb40px||40px||true|false\u00bb global_colors_info=\u00bb{}\u00bb][et_pb_row column_structure=\u00bb1_3,2_3&#8243; use_custom_gutter=\u00bbon\u00bb gutter_width=\u00bb4&#8243; make_equal=\u00bbon\u00bb _builder_version=\u00bb4.16&#8243; _module_preset=\u00bbdefault\u00bb custom_padding=\u00bb2vw||2vw||true|false\u00bb custom_css_main_element=\u00bbalign-items:center;\u00bb global_colors_info=\u00bb{}\u00bb][et_pb_column type=\u00bb1_3&#8243; _builder_version=\u00bb4.16&#8243; _module_preset=\u00bbdefault\u00bb global_colors_info=\u00bb{}\u00bb][et_pb_image src=\u00bbhttps:\/\/elligocrc.wpengine.com\/wp-content\/uploads\/2022\/02\/Research-As-Care-Elligo-CRC.png\u00bb title_text=\u00bbInvestigaci\u00f3n como cuidado Elligo CRC\u00bb align=\u00bbcenter\u00bb _builder_version=\u00bb4.16&#8243; _module_preset=\u00bbdefault\u00bb max_width=\u00bb450px\u00bb max_width_tablet=\u00bb350px\u00bb max_width_phone=\u00bb250px\u00bb max_width_last_edited=\u00bbon|phone\u00bb global_colors_info=\u00bb{}\u00bb][\/et_pb_image][\/et_pb_column][et_pb_column type=\u00bb2_3&#8243; _builder_version=\u00bb4.16&#8243; _module_preset=\u00bbdefault\u00bb global_colors_info=\u00bb{}\u00bb][et_pb_text _builder_version=\u00bb4.16&#8243; _module_preset=\u00bbdefault\u00bb header_2_font=\u00bb|700|||||||\u00bb header_2_text_color=\u00bb#ee303c\u00bb header_2_font_size=\u00bb32px\u00bb header_2_line_height=\u00bb1.25em\u00bb custom_margin=\u00bb||0px||false|false\u00bb header_2_font_size_tablet=\u00bb30px\u00bb header_2_font_size_phone=\u00bb28px\u00bb header_2_font_size_last_edited=\u00bbon|phone\u00bb global_colors_info=\u00bb{}\u00bb]<\/p>\n<h2>Nuestra misi\u00f3n<\/h2>\n<p>[\/et_pb_text][et_pb_divider color=\u00bb#00B1DD\u00bb divider_position=\u00bbcenter\u00bb divider_weight=\u00bb2px\u00bb _builder_version=\u00bb4.16&#8243; _module_preset=\u00bbdefault\u00bb custom_margin=\u00bb||15px||false|false\u00bb animation_style=\u00bbslide\u00bb animation_direction=\u00bbleft\u00bb global_colors_info=\u00bb{}\u00bb][\/et_pb_divider][et_pb_text _builder_version=\u00bb4.27.0&#8243; _module_preset=\u00bbdefault\u00bb header_2_font=\u00bb|700|||||||\u00bb header_2_text_color=\u00bb#ee303c\u00bb header_2_font_size=\u00bb32px\u00bb custom_margin=\u00bb||0px||false|false\u00bb header_2_font_size_tablet=\u00bb30px\u00bb header_2_font_size_phone=\u00bb28px\u00bb header_2_font_size_last_edited=\u00bbon|phone\u00bb global_colors_info=\u00bb{}\u00bb]Nuestra misi\u00f3n es proporcionar a la comunidad de Austin y alrededores opciones de investigaci\u00f3n cl\u00ednica. Nuestro equipo proporciona la mejor atenci\u00f3n a los participantes que atendemos, dando prioridad a la seguridad de los participantes y comprometi\u00e9ndose a ofrecer un servicio excepcional. <\/p>\n<p>S\u00f3lo mediante ensayos cl\u00ednicos e investigaci\u00f3n es posible encontrar terapias nuevas e innovadoras. Creemos que es vital contribuir a la comprensi\u00f3n y el desarrollo de nuevas terapias mediante ensayos y trabajos de investigaci\u00f3n.[\/et_pb_text][\/et_pb_column][\/et_pb_row][\/et_pb_section][et_pb_section fb_built=\u00bb1&#8243; next_background_color=\u00bb#eff3f6&#8243; admin_label=\u00bbOur Staff\u00bb module_id=\u00bbinvestigators\u00bb _builder_version=\u00bb4.27.4&#8243; _module_preset=\u00bbdefault\u00bb background_color=\u00bb#EE303C\u00bb background_enable_image=\u00bboff\u00bb background_blend=\u00bbsoft-light\u00bb z_index=\u00bb99&#8243; custom_padding=\u00bb40px||200px||false|false\u00bb bottom_divider_style=\u00bbslant\u00bb bottom_divider_height=\u00bb75px\u00bb bottom_divider_flip=\u00bbhorizontal\u00bb global_colors_info=\u00bb{}\u00bb][et_pb_row use_custom_gutter=\u00bbon\u00bb gutter_width=\u00bb4&#8243; make_equal=\u00bbon\u00bb _builder_version=\u00bb4.16&#8243; _module_preset=\u00bbdefault\u00bb custom_padding=\u00bb2vw||2vw||true|false\u00bb custom_css_main_element=\u00bbalign-items:center;\u00bb global_colors_info=\u00bb{}\u00bb][et_pb_column type=\u00bb4_4&#8243; _builder_version=\u00bb4.16&#8243; _module_preset=\u00bbdefault\u00bb global_colors_info=\u00bb{}\u00bb][et_pb_divider color=\u00bb#00B1DD\u00bb divider_position=\u00bbcenter\u00bb divider_weight=\u00bb4px\u00bb _builder_version=\u00bb4.16&#8243; _module_preset=\u00bbdefault\u00bb width=\u00bb100px\u00bb module_alignment=\u00bbcenter\u00bb custom_margin=\u00bb||||false|false\u00bb animation_style=\u00bbslide\u00bb animation_direction=\u00bbbottom\u00bb animation_duration=\u00bb550ms\u00bb global_colors_info=\u00bb{}\u00bb][\/et_pb_divider][et_pb_text _builder_version=\u00bb4.16&#8243; _module_preset=\u00bbdefault\u00bb header_2_font=\u00bb|700||on|||||\u00bb header_2_text_color=\u00bb#FFFFFF\u00bb header_2_font_size=\u00bb40px\u00bb header_2_line_height=\u00bb1.25em\u00bb text_orientation=\u00bbcenter\u00bb background_layout=\u00bbdark\u00bb custom_margin=\u00bb||0px||false|false\u00bb header_2_font_size_tablet=\u00bb36px\u00bb header_2_font_size_phone=\u00bb32px\u00bb header_2_font_size_last_edited=\u00bbon|phone\u00bb global_colors_info=\u00bb{}\u00bb]<\/p>\n<h2>Investigadores<\/h2>\n<p>[\/et_pb_text][\/et_pb_column][\/et_pb_row][\/et_pb_section][et_pb_section fb_built=\u00bb1&#8243; _builder_version=\u00bb4.16&#8243; _module_preset=\u00bbdefault\u00bb background_color=\u00bb#eff3f6&#8243; custom_padding=\u00bb0px||40px||false|false\u00bb global_colors_info=\u00bb{}\u00bb][et_pb_row column_structure=\u00bb1_2,1_2&#8243; use_custom_gutter=\u00bbon\u00bb gutter_width=\u00bb4&#8243; make_equal=\u00bbon\u00bb custom_padding_last_edited=\u00bbon|phone\u00bb _builder_version=\u00bb4.27.4&#8243; _module_preset=\u00bbdefault\u00bb background_enable_color=\u00bboff\u00bb z_index=\u00bb100&#8243; width_tablet=\u00bb\u00bb width_phone=\u00bb\u00bb width_last_edited=\u00bbon|phone\u00bb module_alignment=\u00bbcenter\u00bb custom_margin=\u00bb-200px||0px||false|false\u00bb custom_padding=\u00bb2vw|0px|2vw|0px|true|true\u00bb custom_padding_tablet=\u00bb2vw|0px|2vw|0px|true|true\u00bb custom_padding_phone=\u00bb2vw|0px|2vw|0px|true|true\u00bb hover_enabled=\u00bb0&#8243; global_colors_info=\u00bb{}\u00bb custom_css_main_element_last_edited=\u00bboff|phone\u00bb custom_css_main_element_phone=\u00bbdisplay: block;\u00bb max_width=\u00bb1080px\u00bb sticky_enabled=\u00bb0&#8243;][et_pb_column type=\u00bb1_2&#8243; _builder_version=\u00bb4.16&#8243; _module_preset=\u00bbdefault\u00bb hover_enabled=\u00bb0&#8243; global_colors_info=\u00bb{}\u00bb sticky_enabled=\u00bb0&#8243;][et_pb_image src=\u00bbhttps:\/\/elligocrc.com\/wp-content\/uploads\/2024\/07\/faith-holmes.jpg\u00bb title_text=\u00bbfe-holmes\u00bb align=\u00bbcenter\u00bb _builder_version=\u00bb4.27.4&#8243; _module_preset=\u00bbdefault\u00bb width_tablet=\u00bb300px\u00bb width_phone=\u00bb100%\u00bb width_last_edited=\u00bbon|phone\u00bb module_alignment=\u00bbcenter\u00bb hover_enabled=\u00bb0&#8243; global_colors_info=\u00bb{}\u00bb sticky_enabled=\u00bb0&#8243; max_width=\u00bb420px\u00bb][\/et_pb_image][et_pb_text _builder_version=\u00bb4.27.4&#8243; _module_preset=\u00bbdefault\u00bb header_3_font=\u00bb|800||on|||||\u00bb header_3_letter_spacing=\u00bb1px\u00bb custom_margin=\u00bb||0px||false|false\u00bb hover_enabled=\u00bb0&#8243; global_colors_info=\u00bb{}\u00bb max_width=\u00bb420px\u00bb module_alignment=\u00bbcenter\u00bb sticky_enabled=\u00bb0&#8243;]<\/p>\n<h3>FAITH HOLMES, MD<\/h3>\n<p><strong>La Dra. Faith Holmes<\/strong> aporta m\u00e1s de 30 a\u00f1os de experiencia en atenci\u00f3n directa al paciente y 11 a\u00f1os de gesti\u00f3n de consultas m\u00e9dicas a su cargo de Directora M\u00e9dica y Directora M\u00e9dica del Centro de Investigaci\u00f3n Cl\u00ednica Elligo. <\/p>\n<p>[\/et_pb_text][et_pb_toggle title=\u00bbSigue leyendo\u00bb open_toggle_background_color=\u00bbRGBA(255,255,255,0)\u00bb closed_toggle_background_color=\u00bbRGBA(255,255,255,0)\u00bb icon_color=\u00bb#00B1DD\u00bb toggle_icon=\u00bb&#x50;||divi||400&#8243; open_toggle_icon=\u00bb&#x4d;||divi||400&#8243; _builder_version=\u00bb4.27.4&#8243; _module_preset=\u00bbdefault\u00bb title_text_color=\u00bb#EE303C\u00bb title_font=\u00bb|700|||||||\u00bb title_text_align=\u00bbright\u00bb custom_padding=\u00bb|0px||0px|false|true\u00bb hover_enabled=\u00bb0&#8243; custom_css_toggle_title=\u00bbpadding: 0 30px 0 0;\u00bb border_width_all=\u00bb0px\u00bb global_colors_info=\u00bb{}\u00bb max_width=\u00bb420px\u00bb module_alignment=\u00bbcenter\u00bb sticky_enabled=\u00bb0&#8243;]<\/p>\n<p>Desde que abri\u00f3 el Centro de Investigaci\u00f3n Cl\u00ednica Elligo en 2021, ha actuado all\u00ed como investigadora en m\u00e1s de 33 ensayos de intervenci\u00f3n, diagn\u00f3stico, dispositivos y ensayos observacionales. Algunas de las \u00e1reas terap\u00e9uticas han sido las vacunas, la detecci\u00f3n precoz del c\u00e1ncer, la detecci\u00f3n del COVID, las indicaciones respiratorias y una importante experiencia en trastornos metab\u00f3licos como la obesidad\/sobrepeso, la diabetes de tipo II y la AOS. <\/p>\n<p>Se licenci\u00f3 en Qu\u00edmica y Biolog\u00eda por la Universidad de Trevecca, se doctor\u00f3 en Medicina por la Facultad de Medicina de la ORU y est\u00e1 colegiada en Medicina de Familia y en Medicina de Hospicios y Paliativa.<\/p>\n<p>[\/et_pb_toggle][\/et_pb_column][et_pb_column type=\u00bb1_2&#8243; _builder_version=\u00bb4.16&#8243; _module_preset=\u00bbdefault\u00bb global_colors_info=\u00bb{}\u00bb][et_pb_image src=\u00bbhttps:\/\/elligocrc.com\/wp-content\/uploads\/2024\/11\/rita-yankyera_2.png\u00bb title_text=\u00bbrita-yankyera_2&#8243; align=\u00bbcenter\u00bb _builder_version=\u00bb4.27.4&#8243; _module_preset=\u00bbdefault\u00bb width_tablet=\u00bb300px\u00bb width_phone=\u00bb100%\u00bb width_last_edited=\u00bbon|phone\u00bb module_alignment=\u00bbcenter\u00bb hover_enabled=\u00bb0&#8243; global_colors_info=\u00bb{}\u00bb sticky_enabled=\u00bb0&#8243; max_width=\u00bb420px\u00bb][\/et_pb_image][et_pb_text _builder_version=\u00bb4.27.4&#8243; _module_preset=\u00bbdefault\u00bb header_3_font=\u00bb|800||on|||||\u00bb header_3_letter_spacing=\u00bb1px\u00bb custom_margin=\u00bb||0px||false|false\u00bb hover_enabled=\u00bb0&#8243; global_colors_info=\u00bb{}\u00bb max_width=\u00bb420px\u00bb module_alignment=\u00bbcenter\u00bb sticky_enabled=\u00bb0&#8243;]<\/p>\n<h3>Rita Yankyera, MSN, FNP-BC<\/h3>\n<p><strong>Rita Yankyera<\/strong> es una Subinvestigadora y Enfermera Practicante que obtuvo su licenciatura en Ghana, \u00c1frica Occidental, y su m\u00e1ster en la Universidad de Vanderbilt, Nashville, TN.<\/p>\n<p>[\/et_pb_text][et_pb_toggle title=\u00bbSigue leyendo\u00bb open_toggle_background_color=\u00bbRGBA(255,255,255,0)\u00bb closed_toggle_background_color=\u00bbRGBA(255,255,255,0)\u00bb icon_color=\u00bb#00B1DD\u00bb toggle_icon=\u00bb&#x50;||divi||400&#8243; open_toggle_icon=\u00bb&#x4d;||divi||400&#8243; _builder_version=\u00bb4.27.4&#8243; _module_preset=\u00bbdefault\u00bb title_text_color=\u00bb#EE303C\u00bb title_font=\u00bb|700|||||||\u00bb title_text_align=\u00bbright\u00bb custom_padding=\u00bb|0px||0px|false|true\u00bb hover_enabled=\u00bb0&#8243; custom_css_toggle_title=\u00bbpadding: 0 30px 0 0;\u00bb border_width_all=\u00bb0px\u00bb global_colors_info=\u00bb{}\u00bb max_width=\u00bb420px\u00bb module_alignment=\u00bbcenter\u00bb sticky_enabled=\u00bb0&#8243;]<\/p>\n<p>Aporta una d\u00e9cada de experiencia en enfermer\u00eda y ensayos cl\u00ednicos\/investigaci\u00f3n en m\u00faltiples \u00e1reas terap\u00e9uticas, como Nefrolog\u00eda y Trasplante renal, Endocrinolog\u00eda, Cardiolog\u00eda, Reumatolog\u00eda, Dermatolog\u00eda, Vacunas y Enfermedades infecciosas. Tiene amplia experiencia trabajando con pacientes adultos y pedi\u00e1tricos de diversos grupos \u00e9tnicos y raciales. <\/p>\n<p>Antes de incorporarse a Elligo, Rita trabaj\u00f3 como Enfermera de Investigaci\u00f3n en el Hospital Universitario Vanderbilt, en Nashville (TN), y m\u00e1s tarde como Enfermera de Investigaci\u00f3n en Tekton Research, en Austin (TX). Es Coordinadora Certificada de Investigaci\u00f3n Cl\u00ednica (CCRC) y miembro de la Asociaci\u00f3n de Profesionales de la Investigaci\u00f3n Cl\u00ednica (ACRP). <\/p>\n<p>[\/et_pb_toggle][\/et_pb_column][\/et_pb_row][\/et_pb_section]<\/p>\n","protected":false},"excerpt":{"rendered":"<p>El Centro de Investigaci\u00f3n Cl\u00ednica Elligo (Elligo CRC), fundado en 2021, es un centro de investigaci\u00f3n cl\u00ednica en Austin, TX&#8230;<\/p>\n","protected":false},"author":6,"featured_media":0,"parent":0,"menu_order":0,"comment_status":"closed","ping_status":"closed","template":"","meta":{"_et_pb_use_builder":"on","_et_pb_old_content":"","_et_gb_content_width":"","footnotes":""},"class_list":["post-1494","page","type-page","status-publish","hentry"],"_links":{"self":[{"href":"https:\/\/elligocrc.com\/es\/wp-json\/wp\/v2\/pages\/1494","targetHints":{"allow":["GET"]}}],"collection":[{"href":"https:\/\/elligocrc.com\/es\/wp-json\/wp\/v2\/pages"}],"about":[{"href":"https:\/\/elligocrc.com\/es\/wp-json\/wp\/v2\/types\/page"}],"author":[{"embeddable":true,"href":"https:\/\/elligocrc.com\/es\/wp-json\/wp\/v2\/users\/6"}],"replies":[{"embeddable":true,"href":"https:\/\/elligocrc.com\/es\/wp-json\/wp\/v2\/comments?post=1494"}],"version-history":[{"count":0,"href":"https:\/\/elligocrc.com\/es\/wp-json\/wp\/v2\/pages\/1494\/revisions"}],"wp:attachment":[{"href":"https:\/\/elligocrc.com\/es\/wp-json\/wp\/v2\/media?parent=1494"}],"curies":[{"name":"wp","href":"https:\/\/api.w.org\/{rel}","templated":true}]}}